{"id":4253,"date":"2023-03-16T16:53:01","date_gmt":"2023-03-16T15:53:01","guid":{"rendered":"https:\/\/dev8.sloway.si\/janez\/o-podjetju\/"},"modified":"2023-08-23T11:46:51","modified_gmt":"2023-08-23T10:46:51","slug":"company-profile","status":"publish","type":"page","link":"https:\/\/www.janez.si\/en\/company-profile\/","title":{"rendered":"Company profile"},"content":{"rendered":"<div class=\"fusion-fullwidth fullwidth-box fusion-builder-row-1 fusion-flex-container has-pattern-background has-mask-background nonhundred-percent-fullwidth non-hundred-percent-height-scrolling\" style=\"--awb-border-radius-top-left:0px;--awb-border-radius-top-right:0px;--awb-border-radius-bottom-right:0px;--awb-border-radius-bottom-left:0px;--awb-padding-top:30px;--awb-padding-bottom:30px;--awb-margin-top:20px;--awb-flex-wrap:wrap;\" ><div class=\"awb-background-pattern\" style=\"background-image:  url(data:image\/svg+xml;utf8,%3Csvg%20width%3D%2240%22%20height%3D%2240%22%20fill%3D%22none%22%20xmlns%3D%22http%3A%2F%2Fwww.w3.org%2F2000%2Fsvg%22%3E%3Cpath%20fill-rule%3D%22evenodd%22%20clip-rule%3D%22evenodd%22%20d%3D%22M20.5%2020.5V40h-1V20.5H0v-1h19.5V0h1v19.5H40v1H20.5z%22%20fill%3D%22rgba%28229%2C229%2C229%2C0.3%29%22%2F%3E%3C%2Fsvg%3E);opacity: 1 ;mix-blend-mode:normal;\"><\/div><div class=\"fusion-builder-row fusion-row fusion-flex-align-items-flex-start fusion-flex-content-wrap\" style=\"max-width:1470px;margin-left: calc(-5% \/ 2 );margin-right: calc(-5% \/ 2 );\"><div class=\"fusion-layout-column fusion_builder_column fusion-builder-column-0 fusion-flex-column fusion-flex-align-self-stretch\" style=\"--awb-bg-size:cover;--awb-width-large:50%;--awb-margin-top-large:0px;--awb-spacing-right-large:0%;--awb-margin-bottom-large:0px;--awb-spacing-left-large:4.75%;--awb-width-medium:50%;--awb-order-medium:0;--awb-spacing-right-medium:0%;--awb-spacing-left-medium:4.75%;--awb-width-small:100%;--awb-order-small:0;--awb-spacing-right-small:2.375%;--awb-spacing-left-small:2.375%;\"><div class=\"fusion-column-wrapper fusion-column-has-shadow fusion-flex-justify-content-center fusion-content-layout-column\"><div class=\"fusion-image-element \" style=\"--awb-mask-url: url(https:\/\/www.janez.si\/wp-content\/plugins\/fusion-builder\/\/assets\/images\/masks\/mask-15.svg);--awb-mask-position: top center;--awb-caption-title-font-family:var(--h2_typography-font-family);--awb-caption-title-font-weight:var(--h2_typography-font-weight);--awb-caption-title-font-style:var(--h2_typography-font-style);--awb-caption-title-size:var(--h2_typography-font-size);--awb-caption-title-transform:var(--h2_typography-text-transform);--awb-caption-title-line-height:var(--h2_typography-line-height);--awb-caption-title-letter-spacing:var(--h2_typography-letter-spacing);\"><span class=\" fusion-imageframe imageframe-none imageframe-1 hover-type-none has-mask\"><img decoding=\"async\" width=\"847\" height=\"471\" title=\"avtomatska-blgajna-maincat\" src=\"https:\/\/www.janez.si\/wp-content\/uploads\/2023\/06\/avtomatska-blgajna-maincat.webp\" data-orig-src=\"https:\/\/www.janez.si\/wp-content\/uploads\/2023\/06\/avtomatska-blgajna-maincat.webp\" alt class=\"lazyload img-responsive wp-image-3704\" srcset=\"data:image\/svg+xml,%3Csvg%20xmlns%3D%27http%3A%2F%2Fwww.w3.org%2F2000%2Fsvg%27%20width%3D%27847%27%20height%3D%27471%27%20viewBox%3D%270%200%20847%20471%27%3E%3Crect%20width%3D%27847%27%20height%3D%27471%27%20fill-opacity%3D%220%22%2F%3E%3C%2Fsvg%3E\" data-srcset=\"https:\/\/www.janez.si\/wp-content\/uploads\/2023\/06\/avtomatska-blgajna-maincat-200x111.webp 200w, https:\/\/www.janez.si\/wp-content\/uploads\/2023\/06\/avtomatska-blgajna-maincat-300x167.webp 300w, https:\/\/www.janez.si\/wp-content\/uploads\/2023\/06\/avtomatska-blgajna-maincat-400x222.webp 400w, https:\/\/www.janez.si\/wp-content\/uploads\/2023\/06\/avtomatska-blgajna-maincat-600x334.webp 600w, https:\/\/www.janez.si\/wp-content\/uploads\/2023\/06\/avtomatska-blgajna-maincat-768x427.webp 768w, https:\/\/www.janez.si\/wp-content\/uploads\/2023\/06\/avtomatska-blgajna-maincat-800x445.webp 800w, https:\/\/www.janez.si\/wp-content\/uploads\/2023\/06\/avtomatska-blgajna-maincat.webp 847w\" data-sizes=\"auto\" data-orig-sizes=\"(max-width: 800px) 100vw, 847px\" \/><\/span><\/div><\/div><\/div><div class=\"fusion-layout-column fusion_builder_column fusion-builder-column-1 fusion-flex-column fusion-flex-align-self-stretch\" style=\"--awb-padding-right:40px;--awb-padding-left:40px;--awb-overflow:hidden;--awb-bg-color:#ffffff;--awb-bg-color-hover:#ffffff;--awb-bg-size:cover;--awb-box-shadow:5px 5px 0px 0px #e5e5e5;;--awb-border-radius:20px 20px 20px 20px;--awb-width-large:50%;--awb-margin-top-large:0px;--awb-spacing-right-large:4.75%;--awb-margin-bottom-large:0px;--awb-spacing-left-large:0%;--awb-width-medium:50%;--awb-order-medium:0;--awb-spacing-right-medium:4.75%;--awb-spacing-left-medium:0%;--awb-width-small:100%;--awb-order-small:0;--awb-margin-top-small:35px;--awb-spacing-right-small:2.375%;--awb-spacing-left-small:2.375%;\"><div class=\"fusion-column-wrapper fusion-column-has-shadow fusion-flex-justify-content-center fusion-content-layout-column\"><div class=\"fusion-title title fusion-title-1 fusion-sep-none fusion-title-text fusion-title-size-three\"><h3 class=\"fusion-title-heading title-heading-left\" style=\"margin:0;text-transform:capitalize;\">Company Janez d.o.o.<\/h3><\/div><div class=\"fusion-text fusion-text-1\" style=\"--awb-font-size:15px;\"><p>was established in 1987 when its founder Mr. Marjan Cerar made the first alarm systems. Few years later in 1990 the ministry of internal affairs issued a special licence to produce alarm systems and the production never stopped. Since then new products came in production including parking systems, parking management, access control and intercoms.\u00a0 In 1997 we acquired certificates IQNet and SIQ ISO9001 and been holding high standards of management ever since. During the years we have acquired many awards and have been recently nominated for entrepreneur of the year 2017 award. Janez d.o.o. has grown in to one of the Slovenian industry leaders, especially in the field of complex security, access control and parking solutions. We hold our self to the highest security standards like EN 50131, EN50132, EN50133 \u2026.The core of our company represent engineers of different fields that work together to bring new products and innovative solutions to make our world a better place.<\/p>\n<\/div><\/div><\/div><\/div><\/div>\n","protected":false},"excerpt":{"rendered":"","protected":false},"author":1,"featured_media":0,"parent":0,"menu_order":0,"comment_status":"closed","ping_status":"closed","template":"100-width.php","meta":{"footnotes":""},"class_list":["post-4253","page","type-page","status-publish","hentry"],"yoast_head":"<!-- This site is optimized with the Yoast SEO plugin v27.6 - https:\/\/yoast.com\/product\/yoast-seo-wordpress\/ -->\n<title>Company profile - Parkirni sistemi in parkomati Janez<\/title>\n<meta name=\"robots\" content=\"index, follow, max-snippet:-1, max-image-preview:large, max-video-preview:-1\" \/>\n<link rel=\"canonical\" href=\"https:\/\/www.janez.si\/en\/company-profile\/\" \/>\n<meta property=\"og:locale\" content=\"en_US\" \/>\n<meta property=\"og:type\" content=\"article\" \/>\n<meta property=\"og:title\" content=\"Company profile - Parkirni sistemi in parkomati Janez\" \/>\n<meta property=\"og:url\" content=\"https:\/\/www.janez.si\/en\/company-profile\/\" \/>\n<meta property=\"og:site_name\" content=\"Parkirni sistemi in parkomati Janez\" \/>\n<meta property=\"article:modified_time\" content=\"2023-08-23T10:46:51+00:00\" \/>\n<meta name=\"twitter:card\" content=\"summary_large_image\" \/>\n<meta name=\"twitter:label1\" content=\"Est. reading time\" \/>\n\t<meta name=\"twitter:data1\" content=\"6 minutes\" \/>\n<script type=\"application\/ld+json\" class=\"yoast-schema-graph\">{\"@context\":\"https:\\\/\\\/schema.org\",\"@graph\":[{\"@type\":\"WebPage\",\"@id\":\"https:\\\/\\\/www.janez.si\\\/en\\\/company-profile\\\/\",\"url\":\"https:\\\/\\\/www.janez.si\\\/en\\\/company-profile\\\/\",\"name\":\"Company profile - Parkirni sistemi in parkomati Janez\",\"isPartOf\":{\"@id\":\"https:\\\/\\\/www.janez.si\\\/en\\\/#website\"},\"datePublished\":\"2023-03-16T15:53:01+00:00\",\"dateModified\":\"2023-08-23T10:46:51+00:00\",\"breadcrumb\":{\"@id\":\"https:\\\/\\\/www.janez.si\\\/en\\\/company-profile\\\/#breadcrumb\"},\"inLanguage\":\"en-US\",\"potentialAction\":[{\"@type\":\"ReadAction\",\"target\":[\"https:\\\/\\\/www.janez.si\\\/en\\\/company-profile\\\/\"]}]},{\"@type\":\"BreadcrumbList\",\"@id\":\"https:\\\/\\\/www.janez.si\\\/en\\\/company-profile\\\/#breadcrumb\",\"itemListElement\":[{\"@type\":\"ListItem\",\"position\":1,\"name\":\"Home\",\"item\":\"https:\\\/\\\/www.janez.si\\\/en\\\/domaca-stran\\\/\"},{\"@type\":\"ListItem\",\"position\":2,\"name\":\"Company profile\"}]},{\"@type\":\"WebSite\",\"@id\":\"https:\\\/\\\/www.janez.si\\\/en\\\/#website\",\"url\":\"https:\\\/\\\/www.janez.si\\\/en\\\/\",\"name\":\"Parkirni sistemi in parkomati Janez\",\"description\":\"Celovite re\u0161itve za parkiri\u0161\u010da in parkirne hi\u0161e\",\"publisher\":{\"@id\":\"https:\\\/\\\/www.janez.si\\\/en\\\/#organization\"},\"potentialAction\":[{\"@type\":\"SearchAction\",\"target\":{\"@type\":\"EntryPoint\",\"urlTemplate\":\"https:\\\/\\\/www.janez.si\\\/en\\\/?s={search_term_string}\"},\"query-input\":{\"@type\":\"PropertyValueSpecification\",\"valueRequired\":true,\"valueName\":\"search_term_string\"}}],\"inLanguage\":\"en-US\"},{\"@type\":\"Organization\",\"@id\":\"https:\\\/\\\/www.janez.si\\\/en\\\/#organization\",\"name\":\"Parkirni sistemi in parkomati Janez\",\"url\":\"https:\\\/\\\/www.janez.si\\\/en\\\/\",\"logo\":{\"@type\":\"ImageObject\",\"inLanguage\":\"en-US\",\"@id\":\"https:\\\/\\\/www.janez.si\\\/en\\\/#\\\/schema\\\/logo\\\/image\\\/\",\"url\":\"https:\\\/\\\/www.janez.si\\\/wp-content\\\/uploads\\\/2023\\\/06\\\/logo-janez.webp\",\"contentUrl\":\"https:\\\/\\\/www.janez.si\\\/wp-content\\\/uploads\\\/2023\\\/06\\\/logo-janez.webp\",\"width\":177,\"height\":127,\"caption\":\"Parkirni sistemi in parkomati Janez\"},\"image\":{\"@id\":\"https:\\\/\\\/www.janez.si\\\/en\\\/#\\\/schema\\\/logo\\\/image\\\/\"}}]}<\/script>\n<!-- \/ Yoast SEO plugin. -->","yoast_head_json":{"title":"Company profile - Parkirni sistemi in parkomati Janez","robots":{"index":"index","follow":"follow","max-snippet":"max-snippet:-1","max-image-preview":"max-image-preview:large","max-video-preview":"max-video-preview:-1"},"canonical":"https:\/\/www.janez.si\/en\/company-profile\/","og_locale":"en_US","og_type":"article","og_title":"Company profile - Parkirni sistemi in parkomati Janez","og_url":"https:\/\/www.janez.si\/en\/company-profile\/","og_site_name":"Parkirni sistemi in parkomati Janez","article_modified_time":"2023-08-23T10:46:51+00:00","twitter_card":"summary_large_image","twitter_misc":{"Est. reading time":"6 minutes"},"schema":{"@context":"https:\/\/schema.org","@graph":[{"@type":"WebPage","@id":"https:\/\/www.janez.si\/en\/company-profile\/","url":"https:\/\/www.janez.si\/en\/company-profile\/","name":"Company profile - Parkirni sistemi in parkomati Janez","isPartOf":{"@id":"https:\/\/www.janez.si\/en\/#website"},"datePublished":"2023-03-16T15:53:01+00:00","dateModified":"2023-08-23T10:46:51+00:00","breadcrumb":{"@id":"https:\/\/www.janez.si\/en\/company-profile\/#breadcrumb"},"inLanguage":"en-US","potentialAction":[{"@type":"ReadAction","target":["https:\/\/www.janez.si\/en\/company-profile\/"]}]},{"@type":"BreadcrumbList","@id":"https:\/\/www.janez.si\/en\/company-profile\/#breadcrumb","itemListElement":[{"@type":"ListItem","position":1,"name":"Home","item":"https:\/\/www.janez.si\/en\/domaca-stran\/"},{"@type":"ListItem","position":2,"name":"Company profile"}]},{"@type":"WebSite","@id":"https:\/\/www.janez.si\/en\/#website","url":"https:\/\/www.janez.si\/en\/","name":"Parkirni sistemi in parkomati Janez","description":"Celovite re\u0161itve za parkiri\u0161\u010da in parkirne hi\u0161e","publisher":{"@id":"https:\/\/www.janez.si\/en\/#organization"},"potentialAction":[{"@type":"SearchAction","target":{"@type":"EntryPoint","urlTemplate":"https:\/\/www.janez.si\/en\/?s={search_term_string}"},"query-input":{"@type":"PropertyValueSpecification","valueRequired":true,"valueName":"search_term_string"}}],"inLanguage":"en-US"},{"@type":"Organization","@id":"https:\/\/www.janez.si\/en\/#organization","name":"Parkirni sistemi in parkomati Janez","url":"https:\/\/www.janez.si\/en\/","logo":{"@type":"ImageObject","inLanguage":"en-US","@id":"https:\/\/www.janez.si\/en\/#\/schema\/logo\/image\/","url":"https:\/\/www.janez.si\/wp-content\/uploads\/2023\/06\/logo-janez.webp","contentUrl":"https:\/\/www.janez.si\/wp-content\/uploads\/2023\/06\/logo-janez.webp","width":177,"height":127,"caption":"Parkirni sistemi in parkomati Janez"},"image":{"@id":"https:\/\/www.janez.si\/en\/#\/schema\/logo\/image\/"}}]}},"_links":{"self":[{"href":"https:\/\/www.janez.si\/en\/wp-json\/wp\/v2\/pages\/4253","targetHints":{"allow":["GET"]}}],"collection":[{"href":"https:\/\/www.janez.si\/en\/wp-json\/wp\/v2\/pages"}],"about":[{"href":"https:\/\/www.janez.si\/en\/wp-json\/wp\/v2\/types\/page"}],"author":[{"embeddable":true,"href":"https:\/\/www.janez.si\/en\/wp-json\/wp\/v2\/users\/1"}],"replies":[{"embeddable":true,"href":"https:\/\/www.janez.si\/en\/wp-json\/wp\/v2\/comments?post=4253"}],"version-history":[{"count":3,"href":"https:\/\/www.janez.si\/en\/wp-json\/wp\/v2\/pages\/4253\/revisions"}],"predecessor-version":[{"id":4299,"href":"https:\/\/www.janez.si\/en\/wp-json\/wp\/v2\/pages\/4253\/revisions\/4299"}],"wp:attachment":[{"href":"https:\/\/www.janez.si\/en\/wp-json\/wp\/v2\/media?parent=4253"}],"curies":[{"name":"wp","href":"https:\/\/api.w.org\/{rel}","templated":true}]}}