{"id":4844,"date":"2024-03-12T08:37:05","date_gmt":"2024-03-12T07:37:05","guid":{"rendered":"https:\/\/www.janez.si\/zvop-2\/"},"modified":"2024-07-24T13:52:18","modified_gmt":"2024-07-24T11:52:18","slug":"zvop-2","status":"publish","type":"page","link":"https:\/\/www.janez.si\/en\/zvop-2\/","title":{"rendered":"ZVOP 2"},"content":{"rendered":"<p><div class=\"fusion-fullwidth fullwidth-box fusion-builder-row-1 fusion-flex-container has-pattern-background has-mask-background fusion-parallax-none hundred-percent-fullwidth non-hundred-percent-height-scrolling lazyload\" style=\"--awb-border-radius-top-left:0px;--awb-border-radius-top-right:0px;--awb-border-radius-bottom-right:0px;--awb-border-radius-bottom-left:0px;--awb-padding-right:0px;--awb-padding-left:0px;--awb-margin-top:-112px;--awb-background-size:cover;--awb-flex-wrap:wrap;\" data-bg=\"https:\/\/www.janez.si\/wp-content\/uploads\/2023\/06\/slide3.webp\" ><div class=\"fusion-builder-row fusion-row fusion-flex-align-items-flex-start fusion-flex-content-wrap\" style=\"width:105% !important;max-width:105% !important;margin-left: calc(-5% \/ 2 );margin-right: calc(-5% \/ 2 );\"><div class=\"fusion-layout-column fusion_builder_column fusion-builder-column-0 fusion_builder_column_1_1 1_1 fusion-flex-column\" style=\"--awb-padding-top:78px;--awb-padding-bottom:159px;--awb-bg-color:rgba(0,0,0,0.2);--awb-bg-color-hover:rgba(0,0,0,0.2);--awb-bg-size:cover;--awb-width-large:100%;--awb-margin-top-large:0px;--awb-spacing-right-large:2.375%;--awb-margin-bottom-large:0px;--awb-spacing-left-large:2.375%;--awb-width-medium:100%;--awb-order-medium:0;--awb-spacing-right-medium:2.375%;--awb-spacing-left-medium:2.375%;--awb-width-small:100%;--awb-order-small:0;--awb-spacing-right-small:2.375%;--awb-spacing-left-small:2.375%;\"><div class=\"fusion-column-wrapper fusion-column-has-shadow fusion-flex-justify-content-flex-start fusion-content-layout-column\"><div class=\"fusion-title title fusion-title-1 fusion-sep-none fusion-title-center fusion-title-text fusion-title-size-one\" style=\"--awb-text-color:var(--awb-color1);--awb-margin-top:40px;--awb-margin-top-small:40px;--awb-margin-right-small:30px;--awb-margin-left-small:30px;\"><h1 class=\"fusion-title-heading title-heading-center\" style=\"margin:0;text-shadow:2px 2px 0px #000000;\">ZVOP 2<\/h1><\/div><div class=\"fusion-separator\" style=\"align-self: center;margin-left: auto;margin-right: auto;margin-bottom:-20px;width:100%;max-width:100px;\"><div class=\"fusion-separator-border sep-single sep-solid\" style=\"--awb-height:20px;--awb-amount:20px;--awb-sep-color:var(--awb-color1);border-color:var(--awb-color1);border-top-width:3px;\"><\/div><\/div><div class=\"fusion-title title fusion-title-2 fusion-sep-none fusion-title-center fusion-title-text fusion-title-size-three\" style=\"--awb-text-color:var(--awb-color1);--awb-margin-top:40px;--awb-margin-top-small:40px;--awb-margin-right-small:30px;--awb-margin-left-small:30px;\"><h3 class=\"fusion-title-heading title-heading-center\" style=\"margin:0;text-shadow:2px 2px 0px #000000;\">Podjetje Janez d.o.o. izvaja svojo dejavnost skladno z zakonodajo in predpisi.<\/h3><\/div><\/div><\/div><\/div><\/div><div class=\"fusion-fullwidth fullwidth-box fusion-builder-row-2 fusion-flex-container has-pattern-background has-mask-background nonhundred-percent-fullwidth non-hundred-percent-height-scrolling\" style=\"--awb-border-radius-top-left:0px;--awb-border-radius-top-right:0px;--awb-border-radius-bottom-right:0px;--awb-border-radius-bottom-left:0px;--awb-padding-bottom:62px;--awb-margin-top:20px;--awb-flex-wrap:wrap;\" ><div class=\"awb-background-pattern\" style=\"background-image:  url(data:image\/svg+xml;utf8,%3Csvg%20width%3D%2275%22%20height%3D%2275%22%20fill%3D%22none%22%20xmlns%3D%22http%3A%2F%2Fwww.w3.org%2F2000%2Fsvg%22%3E%3Cg%20clip-path%3D%22url%28%23prefix__clip0_43_338%29%22%3E%3Cpath%20d%3D%22M32.763-11.976c-1.05-.075-1.95.676-2.024%201.726L29.764.849c-.075%201.05.675%201.95%201.725%202.026%201.05.075%201.95-.675%202.025-1.725l.975-11.1c.075-1.05-.675-1.95-1.725-2.025l-.001-.001zM54.299%201.32a1.911%201.911%200%2000-.386.015c-.975.15-1.725%201.05-1.575%202.1l1.5%2011.025c.15.975%201.05%201.725%202.1%201.575a1.732%201.732%200%20001.575-2.1l-1.5-11.025c-.131-.853-.836-1.533-1.714-1.59zM7.369%202.54a1.809%201.809%200%2000-1.662%201.663c-.075%201.05.675%201.952%201.65%202.027l11.1%201.05c.975.15%201.95-.601%202.025-1.651.15-.975-.6-1.95-1.65-2.025l-11.1-1.05a1.642%201.642%200%2000-.363-.015v.001zM1.76%2013.017a1.824%201.824%200%2000-1.285.6l-7.65%208.101c-.75.75-.675%201.95.075%202.625s1.95.674%202.625-.076l7.651-8.099c.75-.75.674-1.95-.076-2.625a1.786%201.786%200%2000-1.34-.526zm75%200a1.824%201.824%200%2000-1.285.6l-7.65%208.101c-.75.75-.675%201.95.075%202.625s1.95.674%202.625-.076l7.651-8.099c.75-.75.674-1.95-.076-2.625a1.786%201.786%200%2000-1.34-.526zm-39.731%202.906a1.786%201.786%200%2000-1.34.527l-7.95%207.723c-.75.675-.826%201.875-.076%202.625.675.75%201.875.752%202.625.077l7.95-7.725c.75-.675.826-1.875.076-2.625a1.827%201.827%200%2000-1.285-.602zm24.639%2018.928c-.24.02-.48.085-.705.197a1.903%201.903%200%2000-.825%202.55l5.1%209.902a1.902%201.902%200%20002.55.824c.975-.45%201.276-1.574.826-2.55l-5.1-9.9c-.395-.73-1.125-1.083-1.846-1.023zm-50.37-4.862c-.372%200-.734.117-1.035.336-.825.6-1.05%201.725-.524%202.625l6.15%209.223c.6.9%201.8%201.127%202.625.526.9-.6%201.124-1.8.524-2.624l-6.15-9.226a1.911%201.911%200%2000-1.59-.86zm32.705%209.766c-.12-.006-.243%200-.365.019l-10.95%202.175c-1.05.15-1.725%201.126-1.5%202.176.15%201.05%201.126%201.725%202.176%201.5l10.95-2.175c1.05-.15%201.725-1.125%201.5-2.175a1.99%201.99%200%2000-1.811-1.52zm4.556%2012.195a1.933%201.933%200%2000-1.845.949c-.45.9-.15%202.025.75%202.55l9.75%205.4c.9.45%202.025.15%202.55-.75.525-.9.15-2.025-.75-2.55l-9.75-5.4c-.22-.11-.46-.178-.705-.199zM71.913%2058c-1.05-.075-1.875.748-1.95%201.798l-.45%2011.1c-.075%201.05.75%201.876%201.8%201.95.975%200%201.875-.75%201.95-1.8l.45-11.1c.075-1.05-.75-1.873-1.8-1.948zm-55.44%201.08c-.38.031-.741.178-1.035.42l-8.775%206.825c-.75.6-.9%201.8-.3%202.625.6.75%201.8.9%202.626.3l8.775-6.827c.75-.6.9-1.8.3-2.625a1.783%201.783%200%2000-1.591-.72v.002zm16.29%203.945c-1.05-.075-1.95.675-2.024%201.725l-.975%2011.099c-.075%201.05.675%201.95%201.725%202.026%201.05.075%201.95-.675%202.025-1.725l.975-11.102c.075-1.05-.675-1.95-1.725-2.024l-.001.001z%22%20fill%3D%22rgba%28237%2C237%2C237%2C0.3%29%22%2F%3E%3C%2Fg%3E%3Cdefs%3E%3CclipPath%20id%3D%22prefix__clip0_43_338%22%3E%3Cpath%20fill%3D%22%23fff%22%20d%3D%22M0%200h75v75H0z%22%2F%3E%3C%2FclipPath%3E%3C%2Fdefs%3E%3C%2Fsvg%3E);opacity: 1 ;mix-blend-mode:normal;\"><\/div><div class=\"fusion-builder-row fusion-row fusion-flex-align-items-flex-start fusion-flex-content-wrap\" style=\"max-width:1470px;margin-left: calc(-5% \/ 2 );margin-right: calc(-5% \/ 2 );\"><div class=\"fusion-layout-column fusion_builder_column fusion-builder-column-1 fusion_builder_column_1_1 1_1 fusion-flex-column fusion-flex-align-self-stretch\" style=\"--awb-bg-size:cover;--awb-width-large:100%;--awb-margin-top-large:30px;--awb-spacing-right-large:2.375%;--awb-margin-bottom-large:30px;--awb-spacing-left-large:2.375%;--awb-width-medium:100%;--awb-order-medium:0;--awb-spacing-right-medium:2.375%;--awb-spacing-left-medium:2.375%;--awb-width-small:100%;--awb-order-small:0;--awb-margin-top-small:35px;--awb-spacing-right-small:2.375%;--awb-spacing-left-small:2.375%;\"><div class=\"fusion-column-wrapper fusion-column-has-shadow fusion-flex-justify-content-center fusion-content-layout-column\"><div class=\"fusion-title title fusion-title-3 fusion-sep-none fusion-title-center fusion-title-text fusion-title-size-four\"><h4 class=\"fusion-title-heading title-heading-center\" style=\"margin:0;text-transform:capitalize;\"><\/h4><\/div><div class=\"fusion-text fusion-text-1\"><p>Na podlagi Splo\u0161ne uredba o varstvu podatkov (v nadaljevanju GDPR) in Zakona o varstvu osebnih podatkov (v nadaljevanju ZVOP-2) dru\u017eba JANEZ d.o.o. objavlja naslednje informacije:<\/p>\n<p>1. Upravljavec osebnih podatkov:<\/p>\n<p>Upravljavec je dru\u017eba Janez d.o.o., Ulica Ju\u0161a Kozaka 1, 1000 Ljubljana, predstavnik dru\u017ebe je direktor Bo\u0161tjan Cerar.<\/p>\n<p>2. Namen obdelave, zakoniti interes in pravna podlaga za obdelavo:<\/p>\n<p>Video nadzor in avtomatska prepoznava registrskih tablic (v nadaljevanju: ANPR) se izvajata zaradi zagotavljanja nemotenega obratovanja parkiri\u0161\u010da, zagotavljanja reda na parkiri\u0161\u010du in odkrivanja povzro\u010diteljev \u0161kode, s tem pa se varuje premo\u017eenje dru\u017ebe JANEZ oziroma lastnika parkiri\u0161\u010da (parkirna oprema in prihodek od parkirnin), dru\u017ebi JANEZ se s tem omogo\u010da izpolnjevanje prevzetih pogodbenih obveznosti skrbeti za nemoteno obratovanje parkiri\u0161\u010da, odkrivanje povzro\u010diteljev \u0161kode in doseganje\/realizacija prihodka iz dejavnosti pla\u010dljivega zasebnega parkiri\u0161\u010da. Pravna podlaga za izvajanje videonadzora je to\u010dka f prvega odstavka 6.\u010dlena GDPR.<\/p>\n<p>3. Definicija uporabnika in vrsta osebnih podatkov, ki se obdelujejo:<\/p>\n<p>Kot uporabnik parkiri\u0161\u010da \u0161teje voznik, sovoznik in vsaka druga oseba, ki se nahaja v obmo\u010dju izvajanja video nadzora in ANPR. Obdeluje se naslednje osebne podatke uporabnikov parkiri\u0161\u010d:<\/p>\n<p>Z video nadzorom se zajema naslednje osebne podatke:<\/p>\n<p>&#8211; registrska oznaka vozila,<\/p>\n<p>&#8211; \u010das in datum vstopa in izstopa vozila,<\/p>\n<p>&#8211; podatek o lokaciji,<\/p>\n<p>&#8211; slika vozila z voznikom in sovoznikom,<\/p>\n<p>&#8211; celotna podoba voznika, sovoznika in sopotnikov \u2013 ti podatki se zberejo le v primeru, da je uporabnik vozilo parkiral v vidnem polju kamere.<\/p>\n<p>Z ANPR se zajema naslednje osebne podatke:<\/p>\n<p>&#8211; registrska oznaka vozila,<\/p>\n<p>&#8211; \u010das in datum vstopa in izstopa vozila in<\/p>\n<p>&#8211; podatek o lokaciji.<\/p>\n<p>4. Posebne in nadaljnje obdelave, prenos osebnih podatkov:<\/p>\n<p>Podatki se lahko uporabijo kot dokaz v civilnem sodnem postopku, vlo\u017eenem zaradi povzro\u010dene \u0161kode ali izpada prihodka v posledici kr\u0161itve pravil parkiranja.<\/p>\n<p>Neobi\u010dajne nadaljnje obdelave: spremljanje dogajanja v \u017eivo (brez zvoka), mo\u017enost zvo\u010dne intervencije preko domofona. Pogovor se ne snema, razen, kadar se klic preusmeri na Varnostno nadzorni center Sinet d.o.o. (izvajalec). Zahtevo za vpogled v posnetek pogovora je treba podati na izvajalca se obrnite nanj.<\/p>\n<p>Osebni podatki se ne bodo prenesli v tretjo dr\u017eavo ali mednarodno organizacijo.<\/p>\n<p>5. Poobla\u0161\u010dena oseba za varstvo osebnih podatkov:<\/p>\n<p>Poobla\u0161\u010dena oseba za varstvo osebnih podatkov je Nata\u0161a Brank in je dosegljiva na elektronskem naslovu natasa.brank@janez.si.<\/p>\n<p>6. Roki hrambe:<\/p>\n<p>Video posnetki se bri\u0161ejo v roku 3 mesecev od njihovega nastanka. Zapisi ANPR, zbrani za isto registrsko tablico, se avtomati\u010dno izbri\u0161ejo ob izstopu vozila iz parkiri\u0161\u010da v primeru pravilo prepoznane registerske tablice, vendar najpozneje po sedmih dneh od vstopa vozila na parkiri\u0161\u010de.<\/p>\n<p>Izjeme: ne glede na rok iz prej\u0161njega odstavka, se video posnetek in zapisi ANPR shranijo v primeru \u0161kodnega dogodka (to je povzro\u010ditev \u0161kode na parkirni opremi ali izpada prihodka iz parkirnine ali povzro\u010ditev stro\u0161kov vzpostavljanja reda na parkiri\u0161\u010du), pod pogojem, da se dru\u017eba JANEZ odlo\u010di uveljavljati povra\u010dilo \u0161kode od njenega povzro\u010ditelja. V tem primeru so podatki shranijo do popla\u010dila celotne \u0161kode ali do pravnomo\u010dnega zaklju\u010dka sodnega postopka, v katerem je odlo\u010deno o uveljavljani terjatvi na povra\u010dilo \u0161kode \u2013 kar se zgodi prej.<\/p>\n<p>7. Pravice posameznika:<\/p>\n<p>Posameznik ima naslednje pravice iz naslova varstva osebnih podatkov in jih lahko uveljavlja na naslednji na\u010din:<\/p>\n<p>a) Pravica dostopa posameznika do osebnih podatkov (15. \u010dlen GDPR)<\/p>\n<p>Posameznik, na katerega se nana\u0161ajo osebni podatki (v nadaljevanju: posameznik), ima pravico od upravljavca dobiti potrditev, ali se v zvezi z njim obdelujejo osebni podatki in kadar je temu tako, dostop do osebnih podatkov in dolo\u010dene informacije, kakor to dolo\u010da 15. \u010dlen GDPR.<\/p>\n<p>Posameznik ima pravico, da mu upravljavec brezpla\u010dno zagotovi kopijo osebnih podatkov, ki se obdelujejo. Za dodatne kopije, ki jih zahteva posameznik lahko upravljavec zara\u010duna razumno pristojbino ob upo\u0161tevanju administrativnih stro\u0161kov.<\/p>\n<p>b) Pravica do popravka neto\u010dnih in dopolnitve nepopolnih osebnih podatkov (16. \u010dlen GDPR)<\/p>\n<p>Posameznik ima pravico dose\u010di, da upravljavec brez nepotrebnega odla\u0161anja popravi in dopolni neto\u010dne osebne podatke v zvezi z njim. Posameznik ima pravico zahtevati, da ga upravljavec obvesti, kateremu uporabniku osebnih podatkov so bili ti razkriti in nato popravljeni oziroma dopolnjeni.<\/p>\n<p>c) Pravica do izbrisa (\u00bbpravica do pozabe\u00ab) (17. \u010dlen GDPR),<\/p>\n<p>Posameznik ima pravico dose\u010di, da upravljavec brez nepotrebnega odla\u0161anja izbri\u0161e osebne podatke v zvezi z njim, upravljavec pa ima obveznost osebne podatke brez njegovega odla\u0161anja izbrisati, kadar velja eden od naslednjih razlogov iz prvega odstavka 17.\u010dlena GDPR. Posameznik ima pravico zahtevati, da ga upravljavec obvesti, kateremu uporabniku osebnih podatkov so bili ti razkriti in nato izbrisani.<\/p>\n<p>d) Pravica do omejitve obdelave osebnih podatkov (18. \u010dlen GDPR)<\/p>\n<p>Posameznik ima pravico dose\u010di, da upravljavec omeji obdelavo, kadar velja eden od primerov iz prvega odstavka 18. \u010dlena GDPR. Posameznik ima pravico zahtevati, da ga upravljavec obvesti, kateremu uporabniku osebnih podatkov so bili ti razkriti in da je bila nato njihova obdelava omejena.<\/p>\n<p>e) Pravica do prenosljivosti podatkov (20. \u010dlen GDPR)<\/p>\n<p>Posameznik ima pravico, da prejme osebne podatke v zvezi z njim v strukturirani in strojno berljivi obliki in ima pravico, da se osebni podatki neposredno prenesejo k drugemu upravljavcu, kadar je to tehni\u010dno izvedljivo.<\/p>\n<p>f) Pravica do ugovora<\/p>\n<p>Posameznik ima pravico, da kadarkoli ugovarja obdelavi osebnih podatkov v zvezi z njim.<\/p>\n<p>8. Sporo\u010dilo posamezniku o kr\u0161itvi varnosti osebnih podatkov<\/p>\n<p>Upravljavec brez nepotrebnega odla\u0161anja sporo\u010di posamezniku, da je pri\u0161lo do kr\u0161itve varnosti osebnih podatkov, kadar je verjetno, da kr\u0161itev varnosti osebnih podatkov povzro\u010di veliko tveganje za pravice in svobo\u0161\u010dine posameznikov.<\/p>\n<p>9. Postopek uveljavljanja pravic<\/p>\n<p>Posameznik lahko vse zgoraj navedene zahteve, ki se nana\u0161ajo na uveljavljanje pravic v zvezi z osebnimi podatki, naslovi v pisni obliki na upravljavca, in sicer preko navadne po\u0161te na naslov Ulica Ju\u0161a Kozaka 1, 1000 Ljubljana ali preko e-po\u0161te: info@janez.si.<\/p>\n<p>Na zahtevo posameznika se lahko informacije predlo\u017eijo ustno, pod pogojem, da se identiteta posameznika doka\u017ee z drugimi sredstvi.&nbsp;<\/p>\n<p>Pred izvr\u0161itvijo zahteve posameznika za uveljavitev pravic iz naslova varstva osebnih podatkov bo preverjena istovetnost vlagatelja zahteve z namenom zmanj\u0161ati tveganje, da bi bili podatki posredovani neupravi\u010deni osebi<\/p>\n<p>Posameznik je seznanjen, da lahko upravljavec za potrebe zanesljive identifikacije v primeru uveljavljanja zgoraj navedenih pravic v zvezi z osebnimi podatki od njega zahteva dodatne podatke, izvedbeni postopek uveljavljanja pravic pa lahko zavrne le v primeru, \u010de doka\u017ee, da posameznika ne more zanesljivo identificirati.<\/p>\n<p>Upravljavec zahtevo posameznika, s katero uveljavlja zgoraj navedene pravice, odgovori brez nepotrebnega odla\u0161anja in najpozneje v enem mesecu od prejema zahteve. Ta rok se lahko po potrebi podalj\u0161a za najve\u010d dva dodatna meseca ob upo\u0161tevanju kompleksnosti in \u0161tevila zadev. Upravljavec obvesti posameznika o vsakem takem podalj\u0161anju v enem mesecu po prejemu zahteve skupaj z razlogi za zamudo.<\/p>\n<p>Zahteve posameznika, ki se nana\u0161ajo na osebne podatke, ki se hranijo kratek \u010das. morajo biti vlo\u017eene v roku 24ur od nastanka osebnega podatka.<\/p>\n<p>10. Pravica do vlo\u017eitve prito\u017ebe pri nadzornem organu<\/p>\n<p>Posameznik ima pravico, da vlo\u017ei prito\u017ebo pri nadzornem organu, \u010de meni, da obdelava osebnih podatkov v zvezi z njim kr\u0161i GDPR in ZVOP-2. Nadzorni organ v Republiki Sloveniji je informacijski poobla\u0161\u010denec (naslov: Dunajska cesta 22, 1000 Ljubljana, e-naslov: gp.ip@ip-rs.si).<\/p>\n<p>INFORMACIJE O IZVAJANJU VIDEONADZORA na sede\u017eu dru\u017ebe Janez d.o.o. (Ulica Ju\u0161a Kozaka 1, 1000 Ljubljana)<br \/>(prvi odstavek 13. \u010dlena Splo\u0161ne uredbe o varstvu podatkov in \u010detrti odstavek 76. \u010dlena ZVOP-2)<\/p>\n<p>Dru\u017eba Janez d.o.o., Ulic Ju\u0161a Kozaka 1, 1000 Ljubljana, na sede\u017eu dru\u017ebe izvaja videonadzor dostopa v uradne slu\u017ebene oziroma poslovne prostore v skladu s 77. \u010dlenom ZVOP-2.<\/p>\n<p>1. Video-nadzor se izvaja zaradi varstva zakonitih interesov dru\u017ebe (pravni temelj iz to\u010dke f 6\/I \u010dlena Splo\u0161ne uredbe o varstvu podatkov):<br \/>&#8211; varnost ljudi in premo\u017eenja in<br \/>&#8211; zagotavljanja nadzora vstopa oziroma izstopa v prostore na sede\u017eu dru\u017ebe.<\/p>\n<p>2. O izvajanju video-nadzora so objavljena obvestila, name\u0161\u010dena na na\u010din, ki omogo\u010da posamezniku, da se pravo\u010dasno seznani z njegovim izvajanjem.<\/p>\n<p>3. Posnetki se hranijo do 90 dni, potem se nepovratno izbri\u0161ejo. Do posnetkov dostopajo le s strani dru\u017ebe poobla\u0161\u010dene osebe. Posnetki se ne prena\u0161ajo v tretje dr\u017eave.<\/p>\n<p>4. Posamezniki so posebej opozorjeni na to, da je treba pravice iz naslova varstva osebnih podatkov uveljaviti znotraj rokov hrambe. Zahteva je \u0161teta za pravo\u010dasno, \u010de jo upravljavec prejme najmanj 5 delovnih dni pred iztekom roka hrambe.<\/p>\n<p>5. Posnetki se posredujejo le pod pogoji, ki jih za posredovanje osebnih podatkov dolo\u010da veljavni zakon (ZVOP-2). Dru\u017eba dostopa do posnetkov video-nadzornega sistema le, ko je to potrebno zaradi varstva z videonadzorom varovanih interesov. V teh primerih relevantni posnetek shrani na prenosnem mediju do pravnomo\u010dnosti odlo\u010ditve v zadevi (na primer v postopku zaradi povzro\u010dene \u0161kode ali drugega incidenta, v postopku za uveljavitev pravic posameznika, posredovanja osebnih podatov na zahtevo po 41. \u010dlenu ZVOP-2 ali na zahtevo po drugih predpisih).<\/p>\n<p>6. Omogo\u010deno je spremljanje dogajanja v \u017eivo.<\/p>\n<p>7. Pravice iz naslova varstva osebnih podatkov lahko posamezniki uveljavijo s pisno zahtevo na elektronski naslov: info@janez.si ali po po\u0161ti na naslov Janez d.o.o., Ulica Ju\u0161a Kozaka 1, 1000, Ljubljana.<\/p>\n<p>Ljubljana, 26.1.2023<\/p>\n<p>Janez d.o.o.<\/p>\n<\/div><\/div><\/div><\/div><\/div><\/p>\n","protected":false},"excerpt":{"rendered":"","protected":false},"author":1,"featured_media":0,"parent":0,"menu_order":0,"comment_status":"closed","ping_status":"closed","template":"100-width.php","meta":{"footnotes":""},"class_list":["post-4844","page","type-page","status-publish","hentry"],"yoast_head":"<!-- This site is optimized with the Yoast SEO plugin v27.6 - https:\/\/yoast.com\/product\/yoast-seo-wordpress\/ -->\n<title>ZVOP 2 - Parkirni sistemi in parkomati Janez<\/title>\n<meta name=\"robots\" content=\"index, follow, max-snippet:-1, max-image-preview:large, max-video-preview:-1\" \/>\n<link rel=\"canonical\" href=\"https:\/\/www.janez.si\/en\/zvop-2\/\" \/>\n<meta property=\"og:locale\" content=\"en_US\" \/>\n<meta property=\"og:type\" content=\"article\" \/>\n<meta property=\"og:title\" content=\"ZVOP 2 - Parkirni sistemi in parkomati Janez\" \/>\n<meta property=\"og:url\" content=\"https:\/\/www.janez.si\/en\/zvop-2\/\" \/>\n<meta property=\"og:site_name\" content=\"Parkirni sistemi in parkomati Janez\" \/>\n<meta property=\"article:modified_time\" content=\"2024-07-24T11:52:18+00:00\" \/>\n<meta name=\"twitter:card\" content=\"summary_large_image\" \/>\n<meta name=\"twitter:label1\" content=\"Est. reading time\" \/>\n\t<meta name=\"twitter:data1\" content=\"2 minutes\" \/>\n<script type=\"application\/ld+json\" class=\"yoast-schema-graph\">{\"@context\":\"https:\\\/\\\/schema.org\",\"@graph\":[{\"@type\":\"WebPage\",\"@id\":\"https:\\\/\\\/www.janez.si\\\/en\\\/zvop-2\\\/\",\"url\":\"https:\\\/\\\/www.janez.si\\\/en\\\/zvop-2\\\/\",\"name\":\"ZVOP 2 - Parkirni sistemi in parkomati Janez\",\"isPartOf\":{\"@id\":\"https:\\\/\\\/www.janez.si\\\/en\\\/#website\"},\"datePublished\":\"2024-03-12T07:37:05+00:00\",\"dateModified\":\"2024-07-24T11:52:18+00:00\",\"breadcrumb\":{\"@id\":\"https:\\\/\\\/www.janez.si\\\/en\\\/zvop-2\\\/#breadcrumb\"},\"inLanguage\":\"en-US\",\"potentialAction\":[{\"@type\":\"ReadAction\",\"target\":[\"https:\\\/\\\/www.janez.si\\\/en\\\/zvop-2\\\/\"]}]},{\"@type\":\"BreadcrumbList\",\"@id\":\"https:\\\/\\\/www.janez.si\\\/en\\\/zvop-2\\\/#breadcrumb\",\"itemListElement\":[{\"@type\":\"ListItem\",\"position\":1,\"name\":\"Home\",\"item\":\"https:\\\/\\\/www.janez.si\\\/en\\\/domaca-stran\\\/\"},{\"@type\":\"ListItem\",\"position\":2,\"name\":\"ZVOP 2\"}]},{\"@type\":\"WebSite\",\"@id\":\"https:\\\/\\\/www.janez.si\\\/en\\\/#website\",\"url\":\"https:\\\/\\\/www.janez.si\\\/en\\\/\",\"name\":\"Parkirni sistemi in parkomati Janez\",\"description\":\"Celovite re\u0161itve za parkiri\u0161\u010da in parkirne hi\u0161e\",\"publisher\":{\"@id\":\"https:\\\/\\\/www.janez.si\\\/en\\\/#organization\"},\"potentialAction\":[{\"@type\":\"SearchAction\",\"target\":{\"@type\":\"EntryPoint\",\"urlTemplate\":\"https:\\\/\\\/www.janez.si\\\/en\\\/?s={search_term_string}\"},\"query-input\":{\"@type\":\"PropertyValueSpecification\",\"valueRequired\":true,\"valueName\":\"search_term_string\"}}],\"inLanguage\":\"en-US\"},{\"@type\":\"Organization\",\"@id\":\"https:\\\/\\\/www.janez.si\\\/en\\\/#organization\",\"name\":\"Parkirni sistemi in parkomati Janez\",\"url\":\"https:\\\/\\\/www.janez.si\\\/en\\\/\",\"logo\":{\"@type\":\"ImageObject\",\"inLanguage\":\"en-US\",\"@id\":\"https:\\\/\\\/www.janez.si\\\/en\\\/#\\\/schema\\\/logo\\\/image\\\/\",\"url\":\"https:\\\/\\\/www.janez.si\\\/wp-content\\\/uploads\\\/2023\\\/06\\\/logo-janez.webp\",\"contentUrl\":\"https:\\\/\\\/www.janez.si\\\/wp-content\\\/uploads\\\/2023\\\/06\\\/logo-janez.webp\",\"width\":177,\"height\":127,\"caption\":\"Parkirni sistemi in parkomati Janez\"},\"image\":{\"@id\":\"https:\\\/\\\/www.janez.si\\\/en\\\/#\\\/schema\\\/logo\\\/image\\\/\"}}]}<\/script>\n<!-- \/ Yoast SEO plugin. -->","yoast_head_json":{"title":"ZVOP 2 - Parkirni sistemi in parkomati Janez","robots":{"index":"index","follow":"follow","max-snippet":"max-snippet:-1","max-image-preview":"max-image-preview:large","max-video-preview":"max-video-preview:-1"},"canonical":"https:\/\/www.janez.si\/en\/zvop-2\/","og_locale":"en_US","og_type":"article","og_title":"ZVOP 2 - Parkirni sistemi in parkomati Janez","og_url":"https:\/\/www.janez.si\/en\/zvop-2\/","og_site_name":"Parkirni sistemi in parkomati Janez","article_modified_time":"2024-07-24T11:52:18+00:00","twitter_card":"summary_large_image","twitter_misc":{"Est. reading time":"2 minutes"},"schema":{"@context":"https:\/\/schema.org","@graph":[{"@type":"WebPage","@id":"https:\/\/www.janez.si\/en\/zvop-2\/","url":"https:\/\/www.janez.si\/en\/zvop-2\/","name":"ZVOP 2 - Parkirni sistemi in parkomati Janez","isPartOf":{"@id":"https:\/\/www.janez.si\/en\/#website"},"datePublished":"2024-03-12T07:37:05+00:00","dateModified":"2024-07-24T11:52:18+00:00","breadcrumb":{"@id":"https:\/\/www.janez.si\/en\/zvop-2\/#breadcrumb"},"inLanguage":"en-US","potentialAction":[{"@type":"ReadAction","target":["https:\/\/www.janez.si\/en\/zvop-2\/"]}]},{"@type":"BreadcrumbList","@id":"https:\/\/www.janez.si\/en\/zvop-2\/#breadcrumb","itemListElement":[{"@type":"ListItem","position":1,"name":"Home","item":"https:\/\/www.janez.si\/en\/domaca-stran\/"},{"@type":"ListItem","position":2,"name":"ZVOP 2"}]},{"@type":"WebSite","@id":"https:\/\/www.janez.si\/en\/#website","url":"https:\/\/www.janez.si\/en\/","name":"Parkirni sistemi in parkomati Janez","description":"Celovite re\u0161itve za parkiri\u0161\u010da in parkirne hi\u0161e","publisher":{"@id":"https:\/\/www.janez.si\/en\/#organization"},"potentialAction":[{"@type":"SearchAction","target":{"@type":"EntryPoint","urlTemplate":"https:\/\/www.janez.si\/en\/?s={search_term_string}"},"query-input":{"@type":"PropertyValueSpecification","valueRequired":true,"valueName":"search_term_string"}}],"inLanguage":"en-US"},{"@type":"Organization","@id":"https:\/\/www.janez.si\/en\/#organization","name":"Parkirni sistemi in parkomati Janez","url":"https:\/\/www.janez.si\/en\/","logo":{"@type":"ImageObject","inLanguage":"en-US","@id":"https:\/\/www.janez.si\/en\/#\/schema\/logo\/image\/","url":"https:\/\/www.janez.si\/wp-content\/uploads\/2023\/06\/logo-janez.webp","contentUrl":"https:\/\/www.janez.si\/wp-content\/uploads\/2023\/06\/logo-janez.webp","width":177,"height":127,"caption":"Parkirni sistemi in parkomati Janez"},"image":{"@id":"https:\/\/www.janez.si\/en\/#\/schema\/logo\/image\/"}}]}},"_links":{"self":[{"href":"https:\/\/www.janez.si\/en\/wp-json\/wp\/v2\/pages\/4844","targetHints":{"allow":["GET"]}}],"collection":[{"href":"https:\/\/www.janez.si\/en\/wp-json\/wp\/v2\/pages"}],"about":[{"href":"https:\/\/www.janez.si\/en\/wp-json\/wp\/v2\/types\/page"}],"author":[{"embeddable":true,"href":"https:\/\/www.janez.si\/en\/wp-json\/wp\/v2\/users\/1"}],"replies":[{"embeddable":true,"href":"https:\/\/www.janez.si\/en\/wp-json\/wp\/v2\/comments?post=4844"}],"version-history":[{"count":3,"href":"https:\/\/www.janez.si\/en\/wp-json\/wp\/v2\/pages\/4844\/revisions"}],"predecessor-version":[{"id":5058,"href":"https:\/\/www.janez.si\/en\/wp-json\/wp\/v2\/pages\/4844\/revisions\/5058"}],"wp:attachment":[{"href":"https:\/\/www.janez.si\/en\/wp-json\/wp\/v2\/media?parent=4844"}],"curies":[{"name":"wp","href":"https:\/\/api.w.org\/{rel}","templated":true}]}}